{"id":11,"date":"2024-08-30T11:09:50","date_gmt":"2024-08-30T17:09:50","guid":{"rendered":"https:\/\/seologistica.com\/blog\/"},"modified":"2026-01-21T11:02:58","modified_gmt":"2026-01-21T17:02:58","slug":"blog","status":"publish","type":"page","link":"https:\/\/seologistica.com\/?page_id=11","title":{"rendered":"Blog"},"content":{"rendered":"\t\t<div data-elementor-type=\"wp-page\" data-elementor-id=\"11\" class=\"elementor elementor-11\">\n\t\t\t\t<div class=\"elementor-element elementor-element-aadda91 e-flex e-con-boxed e-con e-parent\" data-id=\"aadda91\" data-element_type=\"container\" data-e-type=\"container\">\n\t\t\t\t\t<div class=\"e-con-inner\">\n\t\t\t\t<div class=\"elementor-element elementor-element-f675845 elementor-widget elementor-widget-spacer\" data-id=\"f675845\" data-element_type=\"widget\" data-e-type=\"widget\" data-widget_type=\"spacer.default\">\n\t\t\t\t<div class=\"elementor-widget-container\">\n\t\t\t\t\t\t\t<div class=\"elementor-spacer\">\n\t\t\t<div class=\"elementor-spacer-inner\"><\/div>\n\t\t<\/div>\n\t\t\t\t\t\t<\/div>\n\t\t\t\t<\/div>\n\t\t\t\t<div class=\"elementor-element elementor-element-4179be5 elementor-widget elementor-widget-heading\" data-id=\"4179be5\" data-element_type=\"widget\" data-e-type=\"widget\" data-widget_type=\"heading.default\">\n\t\t\t\t<div class=\"elementor-widget-container\">\n\t\t\t\t\t<h1 class=\"elementor-heading-title elementor-size-default\"><p style=\"text-align: center;font-size: 70px;font-weight: bold\">\n  Ideas de<br>\n  <span style=\"color: #2F63FF\">Marketing Digital<\/span><br>\n  <span style=\"color: #18A558\">que S\u00ed Funcionan<\/span>\n<p>\n<\/h1>\t\t\t\t<\/div>\n\t\t\t\t<\/div>\n\t\t\t\t\t<\/div>\n\t\t\t\t<\/div>\n\t\t<div class=\"elementor-element elementor-element-a987b14 e-flex e-con-boxed e-con e-parent\" data-id=\"a987b14\" data-element_type=\"container\" data-e-type=\"container\">\n\t\t\t\t\t<div class=\"e-con-inner\">\n\t\t\t\t<div class=\"elementor-element elementor-element-cc42fa9 elementor-widget elementor-widget-text-editor\" data-id=\"cc42fa9\" data-element_type=\"widget\" data-e-type=\"widget\" data-widget_type=\"text-editor.default\">\n\t\t\t\t<div class=\"elementor-widget-container\">\n\t\t\t\t\t\t\t\t\t<p>En este espacio compartimos contenido \u00fatil, directo y accionable para ayudarte a tomar mejores decisiones. Ya sea que est\u00e9s buscando mejorar tu estrategia digital, conocer nuevas herramientas o entender mejor tu industria, aqu\u00ed encontrar\u00e1s art\u00edculos pensados para aportar valor real a tu d\u00eda a d\u00eda.<\/p>\t\t\t\t\t\t\t\t<\/div>\n\t\t\t\t<\/div>\n\t\t\t\t\t<\/div>\n\t\t\t\t<\/div>\n\t\t<div class=\"elementor-element elementor-element-3daac51 e-flex e-con-boxed e-con e-parent\" data-id=\"3daac51\" data-element_type=\"container\" data-e-type=\"container\">\n\t\t\t\t\t<div class=\"e-con-inner\">\n\t\t\t\t<div class=\"elementor-element elementor-element-190b28e elementor-grid-eael-col-3 elementor-grid-tablet-eael-col-2 elementor-grid-mobile-eael-col-1 elementor-widget elementor-widget-eael-post-grid\" data-id=\"190b28e\" data-element_type=\"widget\" data-e-type=\"widget\" data-settings=\"{&quot;eael_post_grid_columns&quot;:&quot;eael-col-3&quot;,&quot;eael_post_grid_columns_tablet&quot;:&quot;eael-col-2&quot;,&quot;eael_post_grid_columns_mobile&quot;:&quot;eael-col-1&quot;}\" data-widget_type=\"eael-post-grid.default\">\n\t\t\t\t<div class=\"elementor-widget-container\">\n\t\t\t\t\t<div id=\"eael-post-grid-190b28e\" class=\"eael-post-grid-container\">\n            <div class=\"eael-post-grid eael-post-appender eael-post-appender-190b28e eael-post-grid-style-one\" data-layout-mode=\"masonry\"><article class=\"eael-grid-post  eael-post-grid-column eael-pg-post-561 category-sin-categoria\" data-id=\"561\">\n        <div class=\"eael-grid-post-holder\">\n            <div class=\"eael-grid-post-holder-inner\"><div class=\"eael-entry-wrapper\"><header class=\"eael-entry-header\"><h2 class=\"eael-entry-title\"><a class=\"eael-grid-post-link\" href=\"https:\/\/seologistica.com\/?p=561\" title=\"\u00bfGoogle Ads? \u00bfQu\u00e9 es?\">\u00bfGoogle Ads? \u00bfQu\u00e9 es?<\/a><\/h2><\/header><div class=\"eael-entry-content\">\n                        <div class=\"eael-grid-post-excerpt\"><p>La publicidad en l\u00ednea nunca fue tan f\u00e1cil, Google Ads...<\/p><a href=\"https:\/\/seologistica.com\/?p=561\" class=\"eael-post-elements-readmore-btn\">Leer m\u00e1s<\/a><\/div>\n                    <\/div><div class=\"eael-entry-footer\"><div class=\"eael-author-avatar\"><a href=\"https:\/\/seologistica.com\/author\/seologistica1\"><img alt='SEO log\u00edstica' src='https:\/\/secure.gravatar.com\/avatar\/37ce3185a766afe7efe0256cb8182e280321727ea7c967c389eedcdf967e425d?s=96&#038;d=identicon&#038;r=g' srcset='https:\/\/secure.gravatar.com\/avatar\/37ce3185a766afe7efe0256cb8182e280321727ea7c967c389eedcdf967e425d?s=192&#038;d=identicon&#038;r=g 2x' class='avatar avatar-96 photo' height='96' width='96' \/><\/a><\/div><div class=\"eael-entry-meta\"><span class=\"eael-posted-by\"><a href=\"https:\/\/seologistica.com\/author\/seologistica1\" title=\"Entradas de SEO log\u00edstica\" rel=\"author\">SEO log\u00edstica<\/a><\/span><span class=\"eael-posted-on\"><time datetime=\"31 de octubre de 2024\">31 de octubre de 2024<\/time><\/span><\/div><\/div><\/div><\/div>\n        <\/div>\n    <\/article><article class=\"eael-grid-post  eael-post-grid-column eael-pg-post-419 category-sin-categoria\" data-id=\"419\">\n        <div class=\"eael-grid-post-holder\">\n            <div class=\"eael-grid-post-holder-inner\"><div class=\"eael-entry-media\"><div class=\"eael-entry-overlay fade-in\"><i class=\"fas fa-long-arrow-alt-right\" aria-hidden=\"true\"><\/i><a href=\"https:\/\/seologistica.com\/?p=419\"><\/a><\/div><div class=\"eael-entry-thumbnail \">\n                <img decoding=\"async\" width=\"300\" height=\"127\" src=\"https:\/\/i0.wp.com\/seologistica.com\/wp-content\/uploads\/2024\/10\/auditoriaseo.webp?fit=300%2C127&amp;ssl=1\" class=\"attachment-medium size-medium wp-image-444\" alt=\"En el blog de SEO Log\u00edstica aprender\u00e1s que es una auditor\u00eda SEO\" srcset=\"https:\/\/i0.wp.com\/seologistica.com\/wp-content\/uploads\/2024\/10\/auditoriaseo.webp?w=763&amp;ssl=1 763w, https:\/\/i0.wp.com\/seologistica.com\/wp-content\/uploads\/2024\/10\/auditoriaseo.webp?resize=300%2C127&amp;ssl=1 300w\" sizes=\"(max-width: 300px) 100vw, 300px\" \/>\n            <\/div>\n        <\/div><div class=\"eael-entry-wrapper\"><header class=\"eael-entry-header\"><h2 class=\"eael-entry-title\"><a class=\"eael-grid-post-link\" href=\"https:\/\/seologistica.com\/?p=419\" title=\"La Auditor\u00eda SEO: Clave para el \u00c9xito en tu Estrategia Digital\">La Auditor\u00eda SEO: Clave para el \u00c9xito en tu Estrategia Digital<\/a><\/h2><\/header><div class=\"eael-entry-content\">\n                        <div class=\"eael-grid-post-excerpt\"><p>El mundo del SEO (Search Engine Optimization) evoluciona constantemente, y...<\/p><a href=\"https:\/\/seologistica.com\/?p=419\" class=\"eael-post-elements-readmore-btn\">Leer m\u00e1s<\/a><\/div>\n                    <\/div><div class=\"eael-entry-footer\"><div class=\"eael-author-avatar\"><a href=\"https:\/\/seologistica.com\/author\/seologistica1\"><img alt='SEO log\u00edstica' src='https:\/\/secure.gravatar.com\/avatar\/37ce3185a766afe7efe0256cb8182e280321727ea7c967c389eedcdf967e425d?s=96&#038;d=identicon&#038;r=g' srcset='https:\/\/secure.gravatar.com\/avatar\/37ce3185a766afe7efe0256cb8182e280321727ea7c967c389eedcdf967e425d?s=192&#038;d=identicon&#038;r=g 2x' class='avatar avatar-96 photo' height='96' width='96' \/><\/a><\/div><div class=\"eael-entry-meta\"><span class=\"eael-posted-by\"><a href=\"https:\/\/seologistica.com\/author\/seologistica1\" title=\"Entradas de SEO log\u00edstica\" rel=\"author\">SEO log\u00edstica<\/a><\/span><span class=\"eael-posted-on\"><time datetime=\"14 de octubre de 2024\">14 de octubre de 2024<\/time><\/span><\/div><\/div><\/div><\/div>\n        <\/div>\n    <\/article><article class=\"eael-grid-post  eael-post-grid-column eael-pg-post-169 category-sin-categoria\" data-id=\"169\">\n        <div class=\"eael-grid-post-holder\">\n            <div class=\"eael-grid-post-holder-inner\"><div class=\"eael-entry-media\"><div class=\"eael-entry-overlay fade-in\"><i class=\"fas fa-long-arrow-alt-right\" aria-hidden=\"true\"><\/i><a href=\"https:\/\/seologistica.com\/?p=169\"><\/a><\/div><div class=\"eael-entry-thumbnail \">\n                <img decoding=\"async\" width=\"300\" height=\"127\" src=\"https:\/\/i0.wp.com\/seologistica.com\/wp-content\/uploads\/2024\/09\/conocesSEO.webp?fit=300%2C127&amp;ssl=1\" class=\"attachment-medium size-medium wp-image-450\" alt=\"Imagen sabes qu\u00e9 es el seo, desc\u00fabrelo en SEO Logistica\" srcset=\"https:\/\/i0.wp.com\/seologistica.com\/wp-content\/uploads\/2024\/09\/conocesSEO.webp?w=763&amp;ssl=1 763w, https:\/\/i0.wp.com\/seologistica.com\/wp-content\/uploads\/2024\/09\/conocesSEO.webp?resize=300%2C127&amp;ssl=1 300w\" sizes=\"(max-width: 300px) 100vw, 300px\" \/>\n            <\/div>\n        <\/div><div class=\"eael-entry-wrapper\"><header class=\"eael-entry-header\"><h2 class=\"eael-entry-title\"><a class=\"eael-grid-post-link\" href=\"https:\/\/seologistica.com\/?p=169\" title=\"\u00bfSabes qu\u00e9 es el SEO?\">\u00bfSabes qu\u00e9 es el SEO?<\/a><\/h2><\/header><div class=\"eael-entry-content\">\n                        <div class=\"eael-grid-post-excerpt\"><p>SEO, que significa \u00abOptimizaci\u00f3n para Motores de B\u00fasqueda\u00bb, es un...<\/p><a href=\"https:\/\/seologistica.com\/?p=169\" class=\"eael-post-elements-readmore-btn\">Leer m\u00e1s<\/a><\/div>\n                    <\/div><div class=\"eael-entry-footer\"><div class=\"eael-author-avatar\"><a href=\"https:\/\/seologistica.com\/author\/seologistica1\"><img alt='SEO log\u00edstica' src='https:\/\/secure.gravatar.com\/avatar\/37ce3185a766afe7efe0256cb8182e280321727ea7c967c389eedcdf967e425d?s=96&#038;d=identicon&#038;r=g' srcset='https:\/\/secure.gravatar.com\/avatar\/37ce3185a766afe7efe0256cb8182e280321727ea7c967c389eedcdf967e425d?s=192&#038;d=identicon&#038;r=g 2x' class='avatar avatar-96 photo' height='96' width='96' \/><\/a><\/div><div class=\"eael-entry-meta\"><span class=\"eael-posted-by\"><a href=\"https:\/\/seologistica.com\/author\/seologistica1\" title=\"Entradas de SEO log\u00edstica\" rel=\"author\">SEO log\u00edstica<\/a><\/span><span class=\"eael-posted-on\"><time datetime=\"4 de septiembre de 2024\">4 de septiembre de 2024<\/time><\/span><\/div><\/div><\/div><\/div>\n        <\/div>\n    <\/article><\/div>\n            <div class=\"clearfix\"><\/div>\n        <\/div>\t\t\t\t<\/div>\n\t\t\t\t<\/div>\n\t\t\t\t\t<\/div>\n\t\t\t\t<\/div>\n\t\t\t\t<\/div>\n\t\t","protected":false},"excerpt":{"rendered":"<p>Ideas de Marketing Digital que S\u00ed Funcionan En este espacio compartimos contenido \u00fatil, directo y accionable para ayudarte a tomar mejores decisiones. Ya sea que est\u00e9s buscando mejorar tu estrategia [&hellip;]<\/p>\n","protected":false},"author":255030864,"featured_media":382,"parent":0,"menu_order":0,"comment_status":"closed","ping_status":"closed","template":"","meta":{"_crdt_document":"","_monsterinsights_skip_tracking":false,"_monsterinsights_sitenote_active":false,"_monsterinsights_sitenote_note":"","_monsterinsights_sitenote_category":0,"footnotes":""},"class_list":["post-11","page","type-page","status-publish","has-post-thumbnail","hentry"],"jetpack_likes_enabled":true,"jetpack_sharing_enabled":true,"jetpack_shortlink":"https:\/\/wp.me\/Pg0pdZ-b","jetpack-related-posts":[{"id":1153,"url":"https:\/\/seologistica.com\/","url_meta":{"origin":11,"position":0},"title":"SEOLog\u00edstica","author":"SEO log\u00edstica","date":"29 de julio de 2025","format":false,"excerpt":"SEOLog\u00edstica Impulsa tu negocio con estrategias digitales que funcionan Especialistas en SEO, desarrollo web, automatizaci\u00f3n y Google Ads. Transformamos tu presencia digital en resultados medibles y crecimiento sostenible. Consulta Gratuita Aumentamos tu visibilidad Optimizamos Google Ads Creamos tu p\u00e1gina web Automatizamos tus procesos Posiciona tu marca con estrategia y tecnolog\u00eda\u2026","rel":"","context":"Entrada similar","block_context":{"text":"Entrada similar","link":""},"img":{"alt_text":"En el blog de SEO Log\u00edstica aprender\u00e1s que es una auditor\u00eda SEO","src":"https:\/\/i0.wp.com\/seologistica.com\/wp-content\/uploads\/2024\/10\/auditoriaseo.webp?resize=350%2C200&ssl=1","width":350,"height":200,"srcset":"https:\/\/i0.wp.com\/seologistica.com\/wp-content\/uploads\/2024\/10\/auditoriaseo.webp?resize=350%2C200&ssl=1 1x, https:\/\/i0.wp.com\/seologistica.com\/wp-content\/uploads\/2024\/10\/auditoriaseo.webp?resize=525%2C300&ssl=1 1.5x, https:\/\/i0.wp.com\/seologistica.com\/wp-content\/uploads\/2024\/10\/auditoriaseo.webp?resize=700%2C400&ssl=1 2x"},"classes":[]},{"id":669,"url":"https:\/\/seologistica.com\/?page_id=669","url_meta":{"origin":11,"position":1},"title":"Agencia Google Ads","author":"SEO log\u00edstica","date":"6 de noviembre de 2024","format":false,"excerpt":"Agencia Google Ads \u00bfAlguna vez te has preguntado c\u00f3mo funcionan los anuncios en Google? Presupuesto Se destinan recursos para invertir en los anuncios que se publicar\u00e1n en Google o p\u00e1ginas administradas por ellos. Personalizaci\u00f3n Obtenemos las tendencias que mejorar\u00e1n tu posicionamiento web y se adecue a las necesidades y valores\u2026","rel":"","context":"Entrada similar","block_context":{"text":"Entrada similar","link":""},"img":{"alt_text":"Los expertos de SEO Log\u00edstica escoger\u00e1n los horarios y configuraciones ideales para las campa\u00f1as","src":"https:\/\/i0.wp.com\/seologistica.com\/wp-content\/uploads\/2024\/11\/promocion.webp?resize=350%2C200&ssl=1","width":350,"height":200,"srcset":"https:\/\/i0.wp.com\/seologistica.com\/wp-content\/uploads\/2024\/11\/promocion.webp?resize=350%2C200&ssl=1 1x, https:\/\/i0.wp.com\/seologistica.com\/wp-content\/uploads\/2024\/11\/promocion.webp?resize=525%2C300&ssl=1 1.5x, https:\/\/i0.wp.com\/seologistica.com\/wp-content\/uploads\/2024\/11\/promocion.webp?resize=700%2C400&ssl=1 2x"},"classes":[]},{"id":1329,"url":"https:\/\/seologistica.com\/?page_id=1329","url_meta":{"origin":11,"position":2},"title":"Nuestros Servicios","author":"SEO log\u00edstica","date":"4 de agosto de 2025","format":false,"excerpt":"Servicios de Marketing Digital que Transforman Soluciones integrales dise\u00f1adas para impulsar tu presencia digital, aumentar tu visibilidad online y generar m\u00e1s leads cualificados para tu negocio. Consulta gratuita Posicionamiento Org\u00e1nico SEO Profesional Estrategias SEO avanzadas que posicionan tu sitio web en los primeros lugares de Google, aumentando tu visibilidad org\u00e1nica\u2026","rel":"","context":"Entrada similar","block_context":{"text":"Entrada similar","link":""},"img":{"alt_text":"","src":"","width":0,"height":0},"classes":[]},{"id":1453,"url":"https:\/\/seologistica.com\/?page_id=1453","url_meta":{"origin":11,"position":3},"title":"Cont\u00e1ctanos","author":"SEO log\u00edstica","date":"6 de agosto de 2025","format":false,"excerpt":"Contacta con nosotros Estamos aqu\u00ed para ayudarte a alcanzar tus objetivos digitales. Hablemos sobre tu proyecto.\u00bfListo para llevar tu negocio al siguiente nivel?Ponte en contacto con nuestro equipo y descubre c\u00f3mo nuestras estrategias en SEO, automatizaci\u00f3n y Google Ads pueden impulsar tus resultados.\ud83d\udce7Emailasesoria@seologistica.com\ud83d\udcdeTel\u00e9fono+52 55 4677 7238\ud83d\udccdUbicaci\u00f3nAv. Coyoac\u00e1n 1123, Benito Ju\u00e1rez,\u2026","rel":"","context":"Entrada similar","block_context":{"text":"Entrada similar","link":""},"img":{"alt_text":"","src":"","width":0,"height":0},"classes":[]},{"id":1425,"url":"https:\/\/seologistica.com\/?page_id=1425","url_meta":{"origin":11,"position":4},"title":"Sobre Nosotros","author":"SEO log\u00edstica","date":"4 de agosto de 2025","format":false,"excerpt":"Sobre Nosotros Una agencia digital especializada en transformar negocios a trav\u00e9s de estrategias innovadoras de SEO, desarrollo web y automatizaci\u00f3n. Combinamos expertise t\u00e9cnico con visi\u00f3n estrat\u00e9gica para generar resultados medibles. Consulta gratuita Transformar Negocios Digitalmente Nuestra misi\u00f3n Ayudamos a empresas de todos los tama\u00f1os a maximizar su potencial digital a\u2026","rel":"","context":"Entrada similar","block_context":{"text":"Entrada similar","link":""},"img":{"alt_text":"","src":"","width":0,"height":0},"classes":[]},{"id":547,"url":"https:\/\/seologistica.com\/?page_id=547","url_meta":{"origin":11,"position":5},"title":"Agencia de marketing digital","author":"SEO log\u00edstica","date":"28 de octubre de 2024","format":false,"excerpt":"Agencia de marketing digital En el mundo del SEO, tener una p\u00e1gina visualmente atractiva, interesante y variada es esencial porque: \u00bfPor qu\u00e9 escoger a SEO Log\u00edstica como tu agencia de marketing? En un mundo tan acelerado y cambiante como el mundo digital, tener una fuerte presencia en l\u00ednea ya no\u2026","rel":"","context":"Entrada similar","block_context":{"text":"Entrada similar","link":""},"img":{"alt_text":"Escoger a SEO Log\u00edstica como tu agencia de marketing digital te impulsar\u00e1 en internet","src":"https:\/\/i0.wp.com\/seologistica.com\/wp-content\/uploads\/2024\/11\/Seologistica.webp?resize=350%2C200&ssl=1","width":350,"height":200,"srcset":"https:\/\/i0.wp.com\/seologistica.com\/wp-content\/uploads\/2024\/11\/Seologistica.webp?resize=350%2C200&ssl=1 1x, https:\/\/i0.wp.com\/seologistica.com\/wp-content\/uploads\/2024\/11\/Seologistica.webp?resize=525%2C300&ssl=1 1.5x, https:\/\/i0.wp.com\/seologistica.com\/wp-content\/uploads\/2024\/11\/Seologistica.webp?resize=700%2C400&ssl=1 2x"},"classes":[]}],"_links":{"self":[{"href":"https:\/\/seologistica.com\/index.php?rest_route=\/wp\/v2\/pages\/11","targetHints":{"allow":["GET"]}}],"collection":[{"href":"https:\/\/seologistica.com\/index.php?rest_route=\/wp\/v2\/pages"}],"about":[{"href":"https:\/\/seologistica.com\/index.php?rest_route=\/wp\/v2\/types\/page"}],"author":[{"embeddable":true,"href":"https:\/\/seologistica.com\/index.php?rest_route=\/wp\/v2\/users\/255030864"}],"replies":[{"embeddable":true,"href":"https:\/\/seologistica.com\/index.php?rest_route=%2Fwp%2Fv2%2Fcomments&post=11"}],"version-history":[{"count":14,"href":"https:\/\/seologistica.com\/index.php?rest_route=\/wp\/v2\/pages\/11\/revisions"}],"predecessor-version":[{"id":1777,"href":"https:\/\/seologistica.com\/index.php?rest_route=\/wp\/v2\/pages\/11\/revisions\/1777"}],"wp:featuredmedia":[{"embeddable":true,"href":"https:\/\/seologistica.com\/index.php?rest_route=\/wp\/v2\/media\/382"}],"wp:attachment":[{"href":"https:\/\/seologistica.com\/index.php?rest_route=%2Fwp%2Fv2%2Fmedia&parent=11"}],"curies":[{"name":"wp","href":"https:\/\/api.w.org\/{rel}","templated":true}]}}